{"id":40,"date":"2018-12-23T23:26:46","date_gmt":"2018-12-24T05:26:46","guid":{"rendered":"http:\/\/mirincondeaprendizaje.com\/?page_id=40"},"modified":"2019-07-17T17:34:56","modified_gmt":"2019-07-17T22:34:56","slug":"sobre-mi","status":"publish","type":"page","link":"https:\/\/mexiquearte.com\/wp2\/sobre-mi\/","title":{"rendered":"Sobre m\u00ed"},"content":{"rendered":"\n<div class=\"wp-block-image\"><figure class=\"alignleft\"><img decoding=\"async\" src=\"https:\/\/mexiquearte.com\/wp2\/wp-content\/uploads\/2018\/12\/Perfil-2-150x150.png\" alt=\"\"\/><\/figure><\/div>\n\n\n\n<p>Mi nombre es Emiliano Leal, aunque la mayor\u00eda de mis alumnos me dicen \u201cProfe Emi\u201d. Siempre me gust\u00f3 la educaci\u00f3n, quiz\u00e1 porque estudi\u00e9 en una escuela muy distinta a las tradicionales, muy alternativa, la <a href=\"http:\/\/decroly.edu.mx\/\" target=\"_blank\" rel=\"noreferrer noopener\" aria-label=\" (abre en una nueva pesta\u00f1a)\">Comunidad Educativa Decroly<\/a>, en donde el lema es \u201cEnse\u00f1ar a pensar, no lo que hay que pensar\u201d, lema que hasta ahora sigue siendo una de mis premisas como profesor. Pero tambi\u00e9n porque encontr\u00e9 en la educaci\u00f3n una opci\u00f3n para cambiar al mundo, aunque suene ut\u00f3pico. La educaci\u00f3n es la mejor manera de transmitir los valores que necesitamos para construir un mundo mejor, m\u00e1s solidario, amable y pac\u00edfico. <\/p>\n\n\n\n<p>Llevo m\u00e1s de 13 a\u00f1os participando en proyectos educativos de distintas maneras. He colaborado como editor de la p\u00e1gina de internet en la <a rel=\"noreferrer noopener\" aria-label=\" (abre en una nueva pesta\u00f1a)\" href=\"https:\/\/web.cuaed.unam.mx\/\" target=\"_blank\">Coordinaci\u00f3n de Universidad Abierta y Educaci\u00f3n a Distancia (CUAED)<\/a> de la UNAM y posteriormente me convert\u00ed en Responsable de Publicaciones Electr\u00f3nicas del <a href=\"https:\/\/snfm.cultura.gob.mx\/\" target=\"_blank\" rel=\"noreferrer noopener\" aria-label=\" (abre en una nueva pesta\u00f1a)\">Sistema Nacional de Fomento Musical<\/a>, una organizaci\u00f3n de Conaculta (hoy Secretar\u00eda de Cultura) dedicada a la educaci\u00f3n musical para ni\u00f1os y j\u00f3venes a trav\u00e9s de orquestas infantiles y juveniles.<\/p>\n\n\n\n<p>Pero no fue hasta tiempo despu\u00e9s que decid\u00ed comenzar a dar clases, hace m\u00e1s o menos 9 a\u00f1os, primero a nivel licenciatura y despu\u00e9s a nivel preparatoria (media superior, como tambi\u00e9n se le conoce en otros pa\u00edses). Ah\u00ed fue que me di cuenta que este tema realmente me apasionaba, as\u00ed que estas experiencias me llevaron a realizar una maestr\u00eda en Comunicaci\u00f3n y Tecnolog\u00edas Educativas, en el <a rel=\"noreferrer noopener\" aria-label=\" (abre en una nueva pesta\u00f1a)\" href=\"http:\/\/www.ilce.edu.mx\/\" target=\"_blank\">ILCE<\/a>, y que se complement\u00f3 muy bien con la licenciatura en Periodismo y Comunicaci\u00f3n Social con la que contaba y que realic\u00e9 en Santiago de Chile. Pues de alguna manera, para trabajar en educaci\u00f3n hay que tener una habilidad fundamental: hay que saber comunicar. <\/p>\n\n\n\n<p>Actualmente trabajo de tiempo completo en una preparatoria privada de la Ciudad de M\u00e9xico en donde desarrollo un Programa de Emprendimiento para j\u00f3venes, adem\u00e1s de ser tutor de grupo y el representante de la escuela ante la UNAM. Trabajar con adolescentes de nivel preparatoria, creo que ha sido una de las experiencias m\u00e1s importantes que he tenido a nivel educativo, pues ellos se han convertido en mis verdaderos maestros, porque es incre\u00edble lo mucho que nos pueden ense\u00f1ar si se tiene la apertura para escucharlos y hacerlos part\u00edcipes de su propio proceso de aprendizaje. <\/p>\n\n\n\n<p>Este programa de Emprendimiento me llev\u00f3 a certificarme en Desarrollo de Habilidades y Competencias para Ni\u00f1os y J\u00f3venes en un programa conjunto entre la Universidad de Salamanca y la organizaci\u00f3n <a rel=\"noreferrer noopener\" aria-label=\" (abre en una nueva pesta\u00f1a)\" href=\"https:\/\/doinglobal.com\/\" target=\"_blank\">DoinGlobal<\/a>. Esta certificaci\u00f3n se suma a Diplomado en Educaci\u00f3n en la Era Digital que curs\u00e9 en la Universidad La Salle. Y porque creo que nunca hay que dejar de aprender, acabo de terminar el Diplomado en Innovaci\u00f3n Educativa del Tecnol\u00f3gico de Monterrey. <\/p>\n\n\n\n<p>Tambi\u00e9n he\nimpartido talleres a docentes y realizo consultor\u00edas sobre temas de competencias,\ncreatividad e innovaci\u00f3n educativa. &nbsp;<\/p>\n","protected":false},"excerpt":{"rendered":"<p>Mi nombre es Emiliano Leal, aunque la mayor\u00eda de mis alumnos me dicen \u201cProfe Emi\u201d. Siempre me gust\u00f3 la educaci\u00f3n, quiz\u00e1 porque estudi\u00e9 en una escuela muy distinta a las tradicionales, muy alternativa, la Comunidad Educativa Decroly, en donde el lema es \u201cEnse\u00f1ar a pensar, no lo que hay que pensar\u201d, lema que hasta ahora [&hellip;]<\/p>\n","protected":false},"author":1,"featured_media":41,"parent":0,"menu_order":2,"comment_status":"closed","ping_status":"closed","template":"","meta":{"footnotes":""},"class_list":["post-40","page","type-page","status-publish","has-post-thumbnail","hentry"],"_links":{"self":[{"href":"https:\/\/mexiquearte.com\/wp2\/wp-json\/wp\/v2\/pages\/40","targetHints":{"allow":["GET"]}}],"collection":[{"href":"https:\/\/mexiquearte.com\/wp2\/wp-json\/wp\/v2\/pages"}],"about":[{"href":"https:\/\/mexiquearte.com\/wp2\/wp-json\/wp\/v2\/types\/page"}],"author":[{"embeddable":true,"href":"https:\/\/mexiquearte.com\/wp2\/wp-json\/wp\/v2\/users\/1"}],"replies":[{"embeddable":true,"href":"https:\/\/mexiquearte.com\/wp2\/wp-json\/wp\/v2\/comments?post=40"}],"version-history":[{"count":7,"href":"https:\/\/mexiquearte.com\/wp2\/wp-json\/wp\/v2\/pages\/40\/revisions"}],"predecessor-version":[{"id":727,"href":"https:\/\/mexiquearte.com\/wp2\/wp-json\/wp\/v2\/pages\/40\/revisions\/727"}],"wp:featuredmedia":[{"embeddable":true,"href":"https:\/\/mexiquearte.com\/wp2\/wp-json\/wp\/v2\/media\/41"}],"wp:attachment":[{"href":"https:\/\/mexiquearte.com\/wp2\/wp-json\/wp\/v2\/media?parent=40"}],"curies":[{"name":"wp","href":"https:\/\/api.w.org\/{rel}","templated":true}]}}